{"id":53,"date":"2019-08-26T15:26:05","date_gmt":"2019-08-26T15:26:05","guid":{"rendered":"http:\/\/www.ucmtarim.com.tr\/?page_id=53"},"modified":"2023-03-16T19:12:12","modified_gmt":"2023-03-16T19:12:12","slug":"welcome-to-ugurcan-orchard","status":"publish","type":"page","link":"https:\/\/www.ucmtarim.com.tr\/tr","title":{"rendered":"U\u011furcan Meyveli\u011fine Ho\u015fgeldiniz"},"content":{"rendered":"<p>Zeytinlik ilkbaharda harika bir \u015fekilde kar\u015f\u0131l\u0131yor<\/p>\n<p><img loading=\"lazy\" decoding=\"async\" class=\"alignnone size-medium wp-image-518\" src=\"https:\/\/www.ucmtarim.com.tr\/wp-content\/uploads\/2021\/05\/zeytinlik-2016-225x300.jpg\" alt=\"\" width=\"225\" height=\"300\" srcset=\"https:\/\/www.ucmtarim.com.tr\/wp-content\/uploads\/2021\/05\/zeytinlik-2016-225x300.jpg 225w, https:\/\/www.ucmtarim.com.tr\/wp-content\/uploads\/2021\/05\/zeytinlik-2016-768x1024.jpg 768w, https:\/\/www.ucmtarim.com.tr\/wp-content\/uploads\/2021\/05\/zeytinlik-2016-1152x1536.jpg 1152w, https:\/\/www.ucmtarim.com.tr\/wp-content\/uploads\/2021\/05\/zeytinlik-2016-600x800.jpg 600w, https:\/\/www.ucmtarim.com.tr\/wp-content\/uploads\/2021\/05\/zeytinlik-2016.jpg 1440w\" sizes=\"auto, (max-width: 225px) 100vw, 225px\" \/>\u00a0 ve daha sonra&#8230;<img loading=\"lazy\" decoding=\"async\" class=\"alignnone size-medium wp-image-519\" src=\"https:\/\/www.ucmtarim.com.tr\/wp-content\/uploads\/2021\/05\/zeytin-dali-kkucuk-225x300.jpg\" alt=\"\" width=\"225\" height=\"300\" srcset=\"https:\/\/www.ucmtarim.com.tr\/wp-content\/uploads\/2021\/05\/zeytin-dali-kkucuk-225x300.jpg 225w, https:\/\/www.ucmtarim.com.tr\/wp-content\/uploads\/2021\/05\/zeytin-dali-kkucuk-768x1024.jpg 768w, https:\/\/www.ucmtarim.com.tr\/wp-content\/uploads\/2021\/05\/zeytin-dali-kkucuk-600x800.jpg 600w, https:\/\/www.ucmtarim.com.tr\/wp-content\/uploads\/2021\/05\/zeytin-dali-kkucuk.jpg 960w\" sizes=\"auto, (max-width: 225px) 100vw, 225px\" \/><\/p>\n<p>ELMUT lar\u0131m\u0131z ancak Mart sonunda a\u00e7maya ba\u015flad\u0131. Nisan 2021-\u00a0 Bu y\u0131l bahar biraz ge\u00e7 geldi&#8230;.<\/p>\n<p><img loading=\"lazy\" decoding=\"async\" class=\"alignnone size-medium wp-image-403\" src=\"https:\/\/www.ucmtarim.com.tr\/wp-content\/uploads\/2020\/03\/elmut-cicek-2-2020-225x300.jpg\" alt=\"\" width=\"225\" height=\"300\" srcset=\"https:\/\/www.ucmtarim.com.tr\/wp-content\/uploads\/2020\/03\/elmut-cicek-2-2020-225x300.jpg 225w, https:\/\/www.ucmtarim.com.tr\/wp-content\/uploads\/2020\/03\/elmut-cicek-2-2020-768x1024.jpg 768w, https:\/\/www.ucmtarim.com.tr\/wp-content\/uploads\/2020\/03\/elmut-cicek-2-2020-600x800.jpg 600w, https:\/\/www.ucmtarim.com.tr\/wp-content\/uploads\/2020\/03\/elmut-cicek-2-2020.jpg 1200w\" sizes=\"auto, (max-width: 225px) 100vw, 225px\" \/>\u00a0 <img loading=\"lazy\" decoding=\"async\" class=\"size-medium wp-image-406 aligncenter\" src=\"https:\/\/www.ucmtarim.com.tr\/wp-content\/uploads\/2020\/03\/elmut-cicek-3-2020-e1585218069466-225x300.jpg\" alt=\"\" width=\"225\" height=\"300\" srcset=\"https:\/\/www.ucmtarim.com.tr\/wp-content\/uploads\/2020\/03\/elmut-cicek-3-2020-e1585218069466-225x300.jpg 225w, https:\/\/www.ucmtarim.com.tr\/wp-content\/uploads\/2020\/03\/elmut-cicek-3-2020-e1585218069466-768x1024.jpg 768w, https:\/\/www.ucmtarim.com.tr\/wp-content\/uploads\/2020\/03\/elmut-cicek-3-2020-e1585218069466-600x800.jpg 600w, https:\/\/www.ucmtarim.com.tr\/wp-content\/uploads\/2020\/03\/elmut-cicek-3-2020-e1585218069466.jpg 1512w\" sizes=\"auto, (max-width: 225px) 100vw, 225px\" \/><\/p>\n<p>Ama sizi kar\u015f\u0131layacak \u00e7ileklerimiz de var&#8230;<img loading=\"lazy\" decoding=\"async\" class=\"size-medium wp-image-513 alignleft\" src=\"https:\/\/www.ucmtarim.com.tr\/wp-content\/uploads\/2021\/05\/Katova-cilekli-225x300.jpg\" alt=\"\" width=\"225\" height=\"300\" srcset=\"https:\/\/www.ucmtarim.com.tr\/wp-content\/uploads\/2021\/05\/Katova-cilekli-225x300.jpg 225w, https:\/\/www.ucmtarim.com.tr\/wp-content\/uploads\/2021\/05\/Katova-cilekli-768x1024.jpg 768w, https:\/\/www.ucmtarim.com.tr\/wp-content\/uploads\/2021\/05\/Katova-cilekli-1152x1536.jpg 1152w, https:\/\/www.ucmtarim.com.tr\/wp-content\/uploads\/2021\/05\/Katova-cilekli-1536x2048.jpg 1536w, https:\/\/www.ucmtarim.com.tr\/wp-content\/uploads\/2021\/05\/Katova-cilekli-600x800.jpg 600w, https:\/\/www.ucmtarim.com.tr\/wp-content\/uploads\/2021\/05\/Katova-cilekli-scaled.jpg 1920w\" sizes=\"auto, (max-width: 225px) 100vw, 225px\" \/> KatOva saks\u0131lar\u0131m\u0131z i\u00e7inde&#8230;\u00a0 \u00a0 \u00a0Arka planda yine Elmutlar merhaba diyor\u00a0 <img loading=\"lazy\" decoding=\"async\" class=\"size-medium wp-image-515 aligncenter\" src=\"https:\/\/www.ucmtarim.com.tr\/wp-content\/uploads\/2021\/05\/Cilek-ve-Elmut-2021-225x300.jpg\" alt=\"\" width=\"225\" height=\"300\" srcset=\"https:\/\/www.ucmtarim.com.tr\/wp-content\/uploads\/2021\/05\/Cilek-ve-Elmut-2021-225x300.jpg 225w, https:\/\/www.ucmtarim.com.tr\/wp-content\/uploads\/2021\/05\/Cilek-ve-Elmut-2021-768x1024.jpg 768w, https:\/\/www.ucmtarim.com.tr\/wp-content\/uploads\/2021\/05\/Cilek-ve-Elmut-2021-1152x1536.jpg 1152w, https:\/\/www.ucmtarim.com.tr\/wp-content\/uploads\/2021\/05\/Cilek-ve-Elmut-2021-1536x2048.jpg 1536w, https:\/\/www.ucmtarim.com.tr\/wp-content\/uploads\/2021\/05\/Cilek-ve-Elmut-2021-600x800.jpg 600w, https:\/\/www.ucmtarim.com.tr\/wp-content\/uploads\/2021\/05\/Cilek-ve-Elmut-2021-scaled.jpg 1920w\" sizes=\"auto, (max-width: 225px) 100vw, 225px\" \/><\/p>\n","protected":false},"excerpt":{"rendered":"<p>Zeytinlik ilkbaharda harika bir \u015fekilde kar\u015f\u0131l\u0131yor \u00a0 ve daha sonra&#8230; ELMUT lar\u0131m\u0131z ancak Mart sonunda a\u00e7maya ba\u015flad\u0131. Nisan 2021-\u00a0 Bu y\u0131l bahar biraz ge\u00e7 geldi&#8230;. [&hellip;]<\/p>\n","protected":false},"author":1,"featured_media":0,"parent":0,"menu_order":0,"comment_status":"closed","ping_status":"closed","template":"","meta":{"footnotes":""},"class_list":["post-53","page","type-page","status-publish","hentry"],"translation":{"provider":"WPGlobus","version":"3.0.1","language":"tr","enabled_languages":["en","tr"],"languages":{"en":{"title":true,"content":true,"excerpt":false},"tr":{"title":true,"content":true,"excerpt":false}}},"_links":{"self":[{"href":"https:\/\/www.ucmtarim.com.tr\/tr\/wp-json\/wp\/v2\/pages\/53","targetHints":{"allow":["GET"]}}],"collection":[{"href":"https:\/\/www.ucmtarim.com.tr\/tr\/wp-json\/wp\/v2\/pages"}],"about":[{"href":"https:\/\/www.ucmtarim.com.tr\/tr\/wp-json\/wp\/v2\/types\/page"}],"author":[{"embeddable":true,"href":"https:\/\/www.ucmtarim.com.tr\/tr\/wp-json\/wp\/v2\/users\/1"}],"replies":[{"embeddable":true,"href":"https:\/\/www.ucmtarim.com.tr\/tr\/wp-json\/wp\/v2\/comments?post=53"}],"version-history":[{"count":51,"href":"https:\/\/www.ucmtarim.com.tr\/tr\/wp-json\/wp\/v2\/pages\/53\/revisions"}],"predecessor-version":[{"id":541,"href":"https:\/\/www.ucmtarim.com.tr\/tr\/wp-json\/wp\/v2\/pages\/53\/revisions\/541"}],"wp:attachment":[{"href":"https:\/\/www.ucmtarim.com.tr\/tr\/wp-json\/wp\/v2\/media?parent=53"}],"curies":[{"name":"wp","href":"https:\/\/api.w.org\/{rel}","templated":true}]}}