{"id":469,"date":"2021-05-01T14:41:34","date_gmt":"2021-05-01T14:41:34","guid":{"rendered":"https:\/\/www.ucmtarim.com.tr\/?page_id=469"},"modified":"2021-05-14T19:10:56","modified_gmt":"2021-05-14T19:10:56","slug":"katova-app","status":"publish","type":"page","link":"https:\/\/www.ucmtarim.com.tr\/tr\/katova-app\/","title":{"rendered":"KatOva Saks\u0131 Hidroponik Uygulama"},"content":{"rendered":"<p><img loading=\"lazy\" decoding=\"async\" class=\"size-medium wp-image-452 aligncenter\" src=\"https:\/\/www.ucmtarim.com.tr\/wp-content\/uploads\/2021\/05\/94E1EFCE-1A1D-4470-80CA-48BCA3893368_1_105_c-300x225.jpeg\" alt=\"\" width=\"300\" height=\"225\" srcset=\"https:\/\/www.ucmtarim.com.tr\/wp-content\/uploads\/2021\/05\/94E1EFCE-1A1D-4470-80CA-48BCA3893368_1_105_c-300x225.jpeg 300w, https:\/\/www.ucmtarim.com.tr\/wp-content\/uploads\/2021\/05\/94E1EFCE-1A1D-4470-80CA-48BCA3893368_1_105_c-768x576.jpeg 768w, https:\/\/www.ucmtarim.com.tr\/wp-content\/uploads\/2021\/05\/94E1EFCE-1A1D-4470-80CA-48BCA3893368_1_105_c.jpeg 1024w\" sizes=\"auto, (max-width: 300px) 100vw, 300px\" \/><\/p>\n<p><strong>KatOva saks\u0131lar\u0131m\u0131zla kurdu\u011fumuz bah\u00e7emize 2021 Mart ay\u0131nda \u00e7ileklerimizi diktik.<\/strong><\/p>\n<p>Ara\u015ft\u0131rmalar\u0131m\u0131z sonucunda Albion cinsi \u00e7ilek yeti\u015ftirmeye karar verdik. Fidelerimiz &#8220;frigo&#8221; fide olarak Nev\u015fehir&#8217;den geldi. Yakla\u015f\u0131k 150 m2 b\u00f6lgede 143 direk x5 saks\u0131 x 4 fide hesab\u0131yla 2860 fide diktik. Fidelerimiz &#8220;frigo&#8221; fide olarak Nev\u015fehir&#8217; den geldi.\u00a0 %80 cocopit, %20 perlit kar\u0131\u015f\u0131m\u0131yla doldurdu\u011fumuz saks\u0131lar\u0131m\u0131z damlama sulama ile sulan\u0131yor.<\/p>\n<p>Frigo fideler \u00f6nce y\u0131kand\u0131lar, sonra Allegro lu kar\u0131\u015f\u0131ma bat\u0131r\u0131larak, fazla k\u00f6kleri ve yapraklar\u0131 kesildi ve ekildi. (10 Mart 2021)<\/p>\n<p><img loading=\"lazy\" decoding=\"async\" class=\"alignnone size-medium wp-image-450\" src=\"https:\/\/www.ucmtarim.com.tr\/wp-content\/uploads\/2021\/05\/93090FE6-A66C-4C79-97CF-DE755EE29F91_1_105_c-225x300.jpeg\" alt=\"\" width=\"225\" height=\"300\" srcset=\"https:\/\/www.ucmtarim.com.tr\/wp-content\/uploads\/2021\/05\/93090FE6-A66C-4C79-97CF-DE755EE29F91_1_105_c-225x300.jpeg 225w, https:\/\/www.ucmtarim.com.tr\/wp-content\/uploads\/2021\/05\/93090FE6-A66C-4C79-97CF-DE755EE29F91_1_105_c-600x800.jpeg 600w, https:\/\/www.ucmtarim.com.tr\/wp-content\/uploads\/2021\/05\/93090FE6-A66C-4C79-97CF-DE755EE29F91_1_105_c.jpeg 768w\" sizes=\"auto, (max-width: 225px) 100vw, 225px\" \/> <img loading=\"lazy\" decoding=\"async\" class=\"alignnone size-medium wp-image-449\" src=\"https:\/\/www.ucmtarim.com.tr\/wp-content\/uploads\/2021\/05\/9FE97CFA-648D-434C-A73F-2865294B7B11_1_105_c-225x300.jpeg\" alt=\"\" width=\"225\" height=\"300\" srcset=\"https:\/\/www.ucmtarim.com.tr\/wp-content\/uploads\/2021\/05\/9FE97CFA-648D-434C-A73F-2865294B7B11_1_105_c-225x300.jpeg 225w, https:\/\/www.ucmtarim.com.tr\/wp-content\/uploads\/2021\/05\/9FE97CFA-648D-434C-A73F-2865294B7B11_1_105_c-600x800.jpeg 600w, https:\/\/www.ucmtarim.com.tr\/wp-content\/uploads\/2021\/05\/9FE97CFA-648D-434C-A73F-2865294B7B11_1_105_c.jpeg 768w\" sizes=\"auto, (max-width: 225px) 100vw, 225px\" \/><\/p>\n<p>G\u00fcnl\u00fck \u00f6nce iki 3er dakika, daha sonra 4er ve 5er dakika olarak i\u00e7inde A ve B besini olan organik besinle suland\u0131lar. 10 ve 15 g\u00fcn ara ile organik g\u00fcbreleri verildi.<\/p>\n<p>&nbsp;<\/p>\n<p><img loading=\"lazy\" decoding=\"async\" class=\"size-medium wp-image-459 alignleft\" src=\"https:\/\/www.ucmtarim.com.tr\/wp-content\/uploads\/2021\/05\/D978D2E2-2258-42F9-92C4-47087845514A_1_105_c-225x300.jpeg\" alt=\"\" width=\"225\" height=\"300\" srcset=\"https:\/\/www.ucmtarim.com.tr\/wp-content\/uploads\/2021\/05\/D978D2E2-2258-42F9-92C4-47087845514A_1_105_c-225x300.jpeg 225w, https:\/\/www.ucmtarim.com.tr\/wp-content\/uploads\/2021\/05\/D978D2E2-2258-42F9-92C4-47087845514A_1_105_c-600x800.jpeg 600w, https:\/\/www.ucmtarim.com.tr\/wp-content\/uploads\/2021\/05\/D978D2E2-2258-42F9-92C4-47087845514A_1_105_c.jpeg 768w\" sizes=\"auto, (max-width: 225px) 100vw, 225px\" \/>\u00a0 \u00a0 30 Nisan 2021 de b\u00fcy\u00fcm\u00fc\u015flerdi.\u00a0 Ayn\u0131 g\u00fcn\u00a0 genel g\u00f6r\u00fcn\u00fcm a\u015fa\u011f\u0131daki gibi oldu.\u00a0 \u00a0 \u00a0 \u00a0 \u00a0 \u00a0 \u00a0 \u00a0 \u00a0 \u00a0 \u00a0 \u00a0 \u00a0 \u00a0 \u00a0 \u00a0 \u00a0 \u00a0 \u00a0 \u00a0 \u00a0 <img loading=\"lazy\" decoding=\"async\" class=\"size-medium wp-image-460 aligncenter\" src=\"https:\/\/www.ucmtarim.com.tr\/wp-content\/uploads\/2021\/05\/9A6ED553-DA7B-488C-9339-65802F24FE98_1_105_c-225x300.jpeg\" alt=\"\" width=\"225\" height=\"300\" srcset=\"https:\/\/www.ucmtarim.com.tr\/wp-content\/uploads\/2021\/05\/9A6ED553-DA7B-488C-9339-65802F24FE98_1_105_c-225x300.jpeg 225w, https:\/\/www.ucmtarim.com.tr\/wp-content\/uploads\/2021\/05\/9A6ED553-DA7B-488C-9339-65802F24FE98_1_105_c-600x800.jpeg 600w, https:\/\/www.ucmtarim.com.tr\/wp-content\/uploads\/2021\/05\/9A6ED553-DA7B-488C-9339-65802F24FE98_1_105_c.jpeg 768w\" sizes=\"auto, (max-width: 225px) 100vw, 225px\" \/><\/p>\n<p><img loading=\"lazy\" decoding=\"async\" class=\"alignnone size-medium wp-image-493\" src=\"https:\/\/www.ucmtarim.com.tr\/wp-content\/uploads\/2021\/05\/Cilek-saksilar-10-may-2021-225x300.jpg\" alt=\"\" width=\"225\" height=\"300\" srcset=\"https:\/\/www.ucmtarim.com.tr\/wp-content\/uploads\/2021\/05\/Cilek-saksilar-10-may-2021-225x300.jpg 225w, https:\/\/www.ucmtarim.com.tr\/wp-content\/uploads\/2021\/05\/Cilek-saksilar-10-may-2021-768x1024.jpg 768w, https:\/\/www.ucmtarim.com.tr\/wp-content\/uploads\/2021\/05\/Cilek-saksilar-10-may-2021-600x800.jpg 600w, https:\/\/www.ucmtarim.com.tr\/wp-content\/uploads\/2021\/05\/Cilek-saksilar-10-may-2021.jpg 1134w\" sizes=\"auto, (max-width: 225px) 100vw, 225px\" \/> Ve sonunda 7 May\u0131s 2021 de k\u0131zarmaya ba\u015flad\u0131lar. Bu foto\u011fraf 10 May\u0131s 2021 tarihli.<\/p>\n<p>Biz de afiyetle yemeye ba\u015flad\u0131k,<\/p>\n<p><img loading=\"lazy\" decoding=\"async\" class=\"alignnone size-medium wp-image-492\" src=\"https:\/\/www.ucmtarim.com.tr\/wp-content\/uploads\/2021\/05\/cilek-tabak-13-may-2021-225x300.jpg\" alt=\"\" width=\"225\" height=\"300\" srcset=\"https:\/\/www.ucmtarim.com.tr\/wp-content\/uploads\/2021\/05\/cilek-tabak-13-may-2021-225x300.jpg 225w, https:\/\/www.ucmtarim.com.tr\/wp-content\/uploads\/2021\/05\/cilek-tabak-13-may-2021-768x1024.jpg 768w, https:\/\/www.ucmtarim.com.tr\/wp-content\/uploads\/2021\/05\/cilek-tabak-13-may-2021-1152x1536.jpg 1152w, https:\/\/www.ucmtarim.com.tr\/wp-content\/uploads\/2021\/05\/cilek-tabak-13-may-2021-600x800.jpg 600w, https:\/\/www.ucmtarim.com.tr\/wp-content\/uploads\/2021\/05\/cilek-tabak-13-may-2021.jpg 1536w\" sizes=\"auto, (max-width: 225px) 100vw, 225px\" \/> \u015eeker Bayram\u0131n\u0131 daha faydal\u0131 olan \u015feker gibi \u00e7ileklerle ge\u00e7iriyoruz.<\/p>\n<p>Sizler de KatOva saks\u0131 sisteminde b\u00f6yle \u00e7ilekler veya \u015fifal\u0131 otlar\u00a0 (fesle\u011fen, reyhan, maydonoz, dereotu vb.) veya biber veya akl\u0131n\u0131za gelen ba\u015fka bir bitki yeti\u015ftirmek i\u00e7in saks\u0131 isterseniz bizimle temasa ge\u00e7ebilirsiniz.<\/p>\n","protected":false},"excerpt":{"rendered":"<p>KatOva saks\u0131lar\u0131m\u0131zla kurdu\u011fumuz bah\u00e7emize 2021 Mart ay\u0131nda \u00e7ileklerimizi diktik. Ara\u015ft\u0131rmalar\u0131m\u0131z sonucunda Albion cinsi \u00e7ilek yeti\u015ftirmeye karar verdik. Fidelerimiz &#8220;frigo&#8221; fide olarak Nev\u015fehir&#8217;den geldi. Yakla\u015f\u0131k 150 [&hellip;]<\/p>\n","protected":false},"author":1,"featured_media":0,"parent":0,"menu_order":1,"comment_status":"closed","ping_status":"closed","template":"","meta":{"footnotes":""},"class_list":["post-469","page","type-page","status-publish","hentry"],"translation":{"provider":"WPGlobus","version":"3.0.1","language":"tr","enabled_languages":["en","tr"],"languages":{"en":{"title":true,"content":true,"excerpt":false},"tr":{"title":true,"content":true,"excerpt":false}}},"_links":{"self":[{"href":"https:\/\/www.ucmtarim.com.tr\/tr\/wp-json\/wp\/v2\/pages\/469","targetHints":{"allow":["GET"]}}],"collection":[{"href":"https:\/\/www.ucmtarim.com.tr\/tr\/wp-json\/wp\/v2\/pages"}],"about":[{"href":"https:\/\/www.ucmtarim.com.tr\/tr\/wp-json\/wp\/v2\/types\/page"}],"author":[{"embeddable":true,"href":"https:\/\/www.ucmtarim.com.tr\/tr\/wp-json\/wp\/v2\/users\/1"}],"replies":[{"embeddable":true,"href":"https:\/\/www.ucmtarim.com.tr\/tr\/wp-json\/wp\/v2\/comments?post=469"}],"version-history":[{"count":18,"href":"https:\/\/www.ucmtarim.com.tr\/tr\/wp-json\/wp\/v2\/pages\/469\/revisions"}],"predecessor-version":[{"id":509,"href":"https:\/\/www.ucmtarim.com.tr\/tr\/wp-json\/wp\/v2\/pages\/469\/revisions\/509"}],"wp:attachment":[{"href":"https:\/\/www.ucmtarim.com.tr\/tr\/wp-json\/wp\/v2\/media?parent=469"}],"curies":[{"name":"wp","href":"https:\/\/api.w.org\/{rel}","templated":true}]}}