{"id":248,"date":"2019-09-07T13:22:13","date_gmt":"2019-09-07T13:22:13","guid":{"rendered":"https:\/\/www.ucmtarim.com.tr\/?page_id=248"},"modified":"2021-05-14T19:00:28","modified_gmt":"2021-05-14T19:00:28","slug":"katova","status":"publish","type":"page","link":"https:\/\/www.ucmtarim.com.tr\/tr\/katova\/","title":{"rendered":"KatOva"},"content":{"rendered":"<p><img loading=\"lazy\" decoding=\"async\" class=\"size-medium wp-image-260 alignleft\" src=\"https:\/\/www.ucmtarim.com.tr\/wp-content\/uploads\/2019\/09\/KatOva-logo-yazili-300x173.jpg\" alt=\"\" width=\"300\" height=\"173\" srcset=\"https:\/\/www.ucmtarim.com.tr\/wp-content\/uploads\/2019\/09\/KatOva-logo-yazili-300x173.jpg 300w, https:\/\/www.ucmtarim.com.tr\/wp-content\/uploads\/2019\/09\/KatOva-logo-yazili.jpg 664w\" sizes=\"auto, (max-width: 300px) 100vw, 300px\" \/>K\u0131s\u0131tl\u0131 alanlarda, seralarda ve tar\u0131ma uygun olmayan b\u00f6lgelerde; \u00fcst \u00fcste yerle\u015ftirilen ve\u00a0 birbirine monte edilen saks\u0131lar sayesinde dikey alanda bitki yeti\u015ftirilmesine\u00a0 olanak sa\u011flamak amac\u0131yla projesi, tasar\u0131m\u0131, isim hakk\u0131 ve faydal\u0131 \u00fcr\u00fcn patenti bize ait olan bir bitki \u00fcretim sistemidir.<\/p>\n<p>Hem ticari hem de hobi kullan\u0131m\u0131na olanak sa\u011flayan bu sistemin yap\u0131lacak do\u011fru yakla\u015f\u0131mlar ve iyile\u015ftirmeler ile tar\u0131m alan\u0131nda\u00a0 fark\u0131ndal\u0131k yaratmas\u0131n\u0131 ve verimi art\u0131rmas\u0131n\u0131 bekliyoruz.<\/p>\n<p>Hobi kullan\u0131m\u0131nda ise balkonunda kendi domatesini veya biberini veya maydonoz, dereotu, fesle\u011fen veya ki\u015fni\u015fini yeti\u015ftirmek isteyenler d\u00fc\u015f\u00fcn\u00fclerek tasarlanm\u0131\u015ft\u0131r.<\/p>\n<p>Yurt i\u00e7indeki ve yurt d\u0131\u015f\u0131ndaki benzer \u00fcr\u00fcnler incelenmi\u015f ve bu \u00fcr\u00fcnlerde temelde a\u015fa\u011f\u0131daki konularda eksiklik g\u00f6r\u00fclm\u00fc\u015ft\u00fcr:<\/p>\n<ul>\n<li>Dikey tar\u0131ma uygun olmayan <strong>damla sulama sistemlerinin<\/strong> tarla tar\u0131m\u0131na g\u00f6re tasarlanm\u0131\u015f olmas\u0131 ve piyasadaki haz\u0131r \u00fcr\u00fcnlerin kullan\u0131lmas\u0131d\u0131r.<\/li>\n<li>Bitki k\u00f6klerinin suya yeterince ula\u015fmas\u0131n\u0131 sa\u011flamayan <strong>saks\u0131 formlar\u0131n\u0131n<\/strong> olmas\u0131d\u0131r.<\/li>\n<li>\u00dcr\u00fcn\u00fcn <strong>zemine sabitlenebilmesi <\/strong>ve saks\u0131lar\u0131n oturabilmesi i\u00e7in tasarlanan standart herhangi bir taban\/ayak bulunmamas\u0131d\u0131r.<\/li>\n<\/ul>\n<p>Bizim geli\u015ftirdi\u011fimiz \u00fcr\u00fcnde ise bu sorunlar giderilmi\u015ftir.<\/p>\n<p>Fotografta kendi bah\u00e7emize yerle\u015ftirdi\u011fimiz dikey bah\u00e7enin yap\u0131m a\u015famas\u0131ndaki ikinci ad\u0131m\u0131 sonunu g\u00f6r\u00fclmekte- saks\u0131lar kuzey &#8211;\u00a0 g\u00fcney ekseninde bellli aral\u0131klarla dikildikten sonra<\/p>\n<p><img loading=\"lazy\" decoding=\"async\" class=\"alignnone size-medium wp-image-409\" src=\"https:\/\/www.ucmtarim.com.tr\/wp-content\/uploads\/2020\/03\/katova-dik-bahce-Mart-2020-300x225.jpg\" alt=\"\" width=\"300\" height=\"225\" srcset=\"https:\/\/www.ucmtarim.com.tr\/wp-content\/uploads\/2020\/03\/katova-dik-bahce-Mart-2020-300x225.jpg 300w, https:\/\/www.ucmtarim.com.tr\/wp-content\/uploads\/2020\/03\/katova-dik-bahce-Mart-2020-768x576.jpg 768w, https:\/\/www.ucmtarim.com.tr\/wp-content\/uploads\/2020\/03\/katova-dik-bahce-Mart-2020-1024x768.jpg 1024w, https:\/\/www.ucmtarim.com.tr\/wp-content\/uploads\/2020\/03\/katova-dik-bahce-Mart-2020.jpg 1600w\" sizes=\"auto, (max-width: 300px) 100vw, 300px\" \/><\/p>\n<p>&nbsp;<\/p>\n<p>Yap\u0131lacak do\u011fru yakla\u015f\u0131mlar ve iyile\u015ftirmeler ile tar\u0131m alan\u0131nda\u00a0 fark\u0131ndal\u0131k yaratacak ve verimi artt\u0131racakt\u0131r. \u00dcr\u00fcnler toprakla do\u011frudan temas etmedi\u011fi i\u00e7in zararl\u0131 bitki ve b\u00f6cek daha az olacak, saks\u0131lardan \u00fcr\u00fcn toplanmas\u0131 daha kolay oldu\u011fu i\u00e7in i\u015f\u00e7ilikten kazan\u0131lacak, ve sulama sistemine ba\u011fl\u0131 oldu\u011fu i\u00e7in \u00e7ok daha az su kullan\u0131lacak ve etkin g\u00fcbre verilmesi sa\u011flanacakt\u0131r.\u00a0 \u015eekilden de g\u00f6r\u00fcld\u00fc\u011f\u00fc gibi ayn\u0131 alanda iki kat\u0131 \u00e7ilek fidesi yeti\u015ftirmek m\u00fcmk\u00fcn.<\/p>\n<p><img loading=\"lazy\" decoding=\"async\" class=\" wp-image-273 alignleft\" src=\"https:\/\/www.ucmtarim.com.tr\/wp-content\/uploads\/2019\/09\/sulama-1-271x300.jpg\" alt=\"\" width=\"320\" height=\"355\" srcset=\"https:\/\/www.ucmtarim.com.tr\/wp-content\/uploads\/2019\/09\/sulama-1-271x300.jpg 271w, https:\/\/www.ucmtarim.com.tr\/wp-content\/uploads\/2019\/09\/sulama-1-768x850.jpg 768w, https:\/\/www.ucmtarim.com.tr\/wp-content\/uploads\/2019\/09\/sulama-1.jpg 838w\" sizes=\"auto, (max-width: 320px) 100vw, 320px\" \/><\/p>\n<p>&nbsp;<\/p>\n<p>&nbsp;<\/p>\n<p><img loading=\"lazy\" decoding=\"async\" class=\"alignleft wp-image-274 size-medium\" src=\"https:\/\/www.ucmtarim.com.tr\/wp-content\/uploads\/2019\/09\/kazikli-model-134x300.jpg\" alt=\"\" width=\"134\" height=\"300\" srcset=\"https:\/\/www.ucmtarim.com.tr\/wp-content\/uploads\/2019\/09\/kazikli-model-134x300.jpg 134w, https:\/\/www.ucmtarim.com.tr\/wp-content\/uploads\/2019\/09\/kazikli-model.jpg 417w\" sizes=\"auto, (max-width: 134px) 100vw, 134px\" \/><\/p>\n<p>&nbsp;<\/p>\n<p><img loading=\"lazy\" decoding=\"async\" class=\"wp-image-269 alignleft\" src=\"https:\/\/www.ucmtarim.com.tr\/wp-content\/uploads\/2019\/09\/dikim-1-1-300x164.jpg\" alt=\"\" width=\"619\" height=\"339\" srcset=\"https:\/\/www.ucmtarim.com.tr\/wp-content\/uploads\/2019\/09\/dikim-1-1-300x164.jpg 300w, https:\/\/www.ucmtarim.com.tr\/wp-content\/uploads\/2019\/09\/dikim-1-1-768x421.jpg 768w, https:\/\/www.ucmtarim.com.tr\/wp-content\/uploads\/2019\/09\/dikim-1-1-1024x561.jpg 1024w, https:\/\/www.ucmtarim.com.tr\/wp-content\/uploads\/2019\/09\/dikim-1-1.jpg 1686w\" sizes=\"auto, (max-width: 619px) 100vw, 619px\" \/><\/p>\n<p>&nbsp;<\/p>\n<p><img loading=\"lazy\" decoding=\"async\" class=\"alignnone wp-image-275\" src=\"https:\/\/www.ucmtarim.com.tr\/wp-content\/uploads\/2019\/09\/temsili-2-300x137.jpg\" alt=\"\" width=\"554\" height=\"253\" srcset=\"https:\/\/www.ucmtarim.com.tr\/wp-content\/uploads\/2019\/09\/temsili-2-300x137.jpg 300w, https:\/\/www.ucmtarim.com.tr\/wp-content\/uploads\/2019\/09\/temsili-2-768x350.jpg 768w, https:\/\/www.ucmtarim.com.tr\/wp-content\/uploads\/2019\/09\/temsili-2-1024x467.jpg 1024w, https:\/\/www.ucmtarim.com.tr\/wp-content\/uploads\/2019\/09\/temsili-2.jpg 1754w\" sizes=\"auto, (max-width: 554px) 100vw, 554px\" \/><\/p>\n","protected":false},"excerpt":{"rendered":"<p>K\u0131s\u0131tl\u0131 alanlarda, seralarda ve tar\u0131ma uygun olmayan b\u00f6lgelerde; \u00fcst \u00fcste yerle\u015ftirilen ve\u00a0 birbirine monte edilen saks\u0131lar sayesinde dikey alanda bitki yeti\u015ftirilmesine\u00a0 olanak sa\u011flamak amac\u0131yla projesi, [&hellip;]<\/p>\n","protected":false},"author":1,"featured_media":0,"parent":0,"menu_order":0,"comment_status":"closed","ping_status":"closed","template":"","meta":{"footnotes":""},"class_list":["post-248","page","type-page","status-publish","hentry"],"translation":{"provider":"WPGlobus","version":"3.0.1","language":"tr","enabled_languages":["en","tr"],"languages":{"en":{"title":true,"content":true,"excerpt":false},"tr":{"title":false,"content":true,"excerpt":false}}},"_links":{"self":[{"href":"https:\/\/www.ucmtarim.com.tr\/tr\/wp-json\/wp\/v2\/pages\/248","targetHints":{"allow":["GET"]}}],"collection":[{"href":"https:\/\/www.ucmtarim.com.tr\/tr\/wp-json\/wp\/v2\/pages"}],"about":[{"href":"https:\/\/www.ucmtarim.com.tr\/tr\/wp-json\/wp\/v2\/types\/page"}],"author":[{"embeddable":true,"href":"https:\/\/www.ucmtarim.com.tr\/tr\/wp-json\/wp\/v2\/users\/1"}],"replies":[{"embeddable":true,"href":"https:\/\/www.ucmtarim.com.tr\/tr\/wp-json\/wp\/v2\/comments?post=248"}],"version-history":[{"count":28,"href":"https:\/\/www.ucmtarim.com.tr\/tr\/wp-json\/wp\/v2\/pages\/248\/revisions"}],"predecessor-version":[{"id":466,"href":"https:\/\/www.ucmtarim.com.tr\/tr\/wp-json\/wp\/v2\/pages\/248\/revisions\/466"}],"wp:attachment":[{"href":"https:\/\/www.ucmtarim.com.tr\/tr\/wp-json\/wp\/v2\/media?parent=248"}],"curies":[{"name":"wp","href":"https:\/\/api.w.org\/{rel}","templated":true}]}}