{"id":2,"date":"2019-08-26T08:39:18","date_gmt":"2019-08-26T08:39:18","guid":{"rendered":"http:\/\/www.ucmtarim.com.tr\/?page_id=2"},"modified":"2020-03-27T14:45:07","modified_gmt":"2020-03-27T14:45:07","slug":"aboutus","status":"publish","type":"page","link":"https:\/\/www.ucmtarim.com.tr\/tr\/aboutus\/","title":{"rendered":"Hakk\u0131m\u0131zda"},"content":{"rendered":"<p style=\"line-height: 18.75pt; background: white;\"><span style=\"font-family: 'Arial','sans-serif'; color: black; letter-spacing: .75pt;\">\u0130\u015fletme ve Matematik alan\u0131nda\u00a0 uzun y\u0131llar yurt i\u00e7inde ve d\u0131\u015f\u0131nda \u00e7e\u015fitli \u00fcniversitelerde akademisyen olarak \u00e7al\u0131\u015ft\u0131ktan sonra tar\u0131m alan\u0131nda \u00fcretim yapma hedefimizi ger\u00e7ekle\u015ftirmek i\u00e7in sekt\u00f6r de\u011fi\u015ftirdik ve zeytinya\u011f ve elmut \u00fcretimine girdik. Gelecek g\u00fcnlerde hikayemizi daha detayl\u0131 olarak payla\u015faca\u011f\u0131z.\u00a0<\/span><\/p>\n<p style=\"line-height: 18.75pt; background: white; box-sizing: inherit; font-variant-ligatures: normal; font-variant-caps: normal; orphans: 2; text-align: start; widows: 2; -webkit-text-stroke-width: 0px; text-decoration-style: initial; text-decoration-color: initial; word-spacing: 0px;\"><span style=\"font-family: 'Arial','sans-serif'; color: black; letter-spacing: .75pt;\">Fikir \u00e7ok daha \u00f6nce do\u011fmu\u015f olmas\u0131na ra\u011fmen, Ege B\u00f6lgesindeki\u00a0 2013 y\u0131l\u0131nda ba\u015flad\u0131. Kuzeyde Dikili&#8217;den g\u00fcneyde Milas ve Bodrum&#8217; a uzanan bant i\u00e7inde gerek k\u0131y\u0131 b\u00f6lgesinde gerekse i\u00e7 Egede pek \u00e7ok k\u00f6y ve kasabay\u0131 gezdik. Sonunda, \u015fu anda meyveli\u011fimizi kurdu\u011fumuz araziyi Torbal\u0131 ile Bay\u0131nd\u0131r (\u0130zmir) aras\u0131nda Ar\u0131kba\u015f\u0131&#8217;nda bulduk.\u00a0<\/span><\/p>\n<p style=\"line-height: 18.75pt; background: white; box-sizing: inherit; font-variant-ligatures: normal; font-variant-caps: normal; orphans: 2; text-align: start; widows: 2; -webkit-text-stroke-width: 0px; text-decoration-style: initial; text-decoration-color: initial; word-spacing: 0px;\"><span style=\"font-family: 'Arial','sans-serif'; color: black; letter-spacing: .75pt;\"><img loading=\"lazy\" decoding=\"async\" class=\" wp-image-222 alignleft\" src=\"https:\/\/www.ucmtarim.com.tr\/wp-content\/uploads\/2019\/09\/arikbasi-2015-2-300x225.jpg\" alt=\"\" width=\"511\" height=\"383\" srcset=\"https:\/\/www.ucmtarim.com.tr\/wp-content\/uploads\/2019\/09\/arikbasi-2015-2-300x225.jpg 300w, https:\/\/www.ucmtarim.com.tr\/wp-content\/uploads\/2019\/09\/arikbasi-2015-2-768x576.jpg 768w, https:\/\/www.ucmtarim.com.tr\/wp-content\/uploads\/2019\/09\/arikbasi-2015-2-1024x768.jpg 1024w, https:\/\/www.ucmtarim.com.tr\/wp-content\/uploads\/2019\/09\/arikbasi-2015-2.jpg 1632w\" sizes=\"auto, (max-width: 511px) 100vw, 511px\" \/><\/span><\/p>\n<p style=\"line-height: 18.75pt; background: white; box-sizing: inherit; font-variant-ligatures: normal; font-variant-caps: normal; orphans: 2; text-align: start; widows: 2; -webkit-text-stroke-width: 0px; text-decoration-style: initial; text-decoration-color: initial; word-spacing: 0px;\"><span style=\"font-family: 'Arial','sans-serif'; color: black; letter-spacing: .75pt;\">G\u00f6rd\u00fc\u011f\u00fcn\u00fcz foto\u011fraf araziyi ald\u0131\u011f\u0131m\u0131zdaki g\u00f6r\u00fcn\u00fc\u015f\u00fc. \u0130\u00e7inde yakla\u015f\u0131k elli ya\u015f\u0131nda Memecik zeytinleri vard\u0131. Zeytinlere ek olarak yeni bir meyve denemek istedik. B\u00f6ylece, b\u00f6lgenin iklim ve toprak ko\u015fullar\u0131na uygun hangi meyve olur ara\u015ft\u0131rmas\u0131 ba\u015flad\u0131.\u00a0 Asya armudu, na\u015fi, gibi adlara sahip Hosui cinsi armudu tatt\u0131k ve &#8220;i\u015fte bu&#8221; dedik. Yakla\u015f\u0131k 44 dekar \u00fczerinde \u00fc\u00e7 de\u011fi\u015fik cins Asya armudumuz var- hosui, kosui ve chojuro. Meyvelerimize ELMUT ad\u0131n\u0131 vermeyi tercih ettik \u00e7\u00fcnk\u00fc meyveler elma \u015feklinde ama armut dokusuna sahipler. Meyveler hibrid de\u011fil, do\u011fal olarak bu yap\u0131dalar, ve ne elma ne de armut tad\u0131ndalar.<\/span><\/p>\n<p style=\"line-height: 18.75pt; background: white; box-sizing: inherit; font-variant-ligatures: normal; font-variant-caps: normal; orphans: 2; text-align: start; widows: 2; -webkit-text-stroke-width: 0px; text-decoration-style: initial; text-decoration-color: initial; word-spacing: 0px;\"><span style=\"font-family: 'Arial','sans-serif'; color: black; letter-spacing: .75pt;\">\u00dcretmek \u00e7ok zevkli olsa da s\u00fcreklili\u011fi sa\u011flamak i\u00e7in meyveleri T\u00fcrk damak tad\u0131na da tan\u0131tmak gerekiyor. Sat\u0131lma potansiyelini anlamak i\u00e7in \u00fclkemizdeki az say\u0131daki di\u011fer \u00fcreticilerle g\u00f6r\u00fc\u015ft\u00fck. Sonunda, bu riski almaya karar verdik. A\u011fa\u00e7lar\u0131m\u0131z d\u00f6rt ya\u015f\u0131na geldiler, iki y\u0131ld\u0131r az da olsa meyve veriyorlar. Her ne kadar istedi\u011fimiz kadar h\u0131zl\u0131 olmasa da pazar onlar\u0131 tan\u0131maya ba\u015flad\u0131.<\/span><\/p>\n<p style=\"line-height: 18.75pt; background: white; box-sizing: inherit; font-variant-ligatures: normal; font-variant-caps: normal; orphans: 2; text-align: start; widows: 2; -webkit-text-stroke-width: 0px; text-decoration-style: initial; text-decoration-color: initial; word-spacing: 0px;\"><span style=\"font-family: 'Arial','sans-serif'; color: black; letter-spacing: .75pt;\">Bahar\u0131n \u00e7o\u015fkusu i\u00e7inde arazinin \u015fimdiki g\u00f6r\u00fcn\u00fcm\u00fc&#8230;<\/span><\/p>\n<p><img loading=\"lazy\" decoding=\"async\" class=\"alignnone  wp-image-440\" src=\"https:\/\/www.ucmtarim.com.tr\/wp-content\/uploads\/2020\/03\/bahar-arazi-2020-k-1-300x146.jpg\" alt=\"\" width=\"590\" height=\"289\" srcset=\"https:\/\/www.ucmtarim.com.tr\/wp-content\/uploads\/2020\/03\/bahar-arazi-2020-k-1-300x146.jpg 300w, https:\/\/www.ucmtarim.com.tr\/wp-content\/uploads\/2020\/03\/bahar-arazi-2020-k-1-768x375.jpg 768w, https:\/\/www.ucmtarim.com.tr\/wp-content\/uploads\/2020\/03\/bahar-arazi-2020-k-1-1024x499.jpg 1024w\" sizes=\"auto, (max-width: 590px) 100vw, 590px\" \/><\/p>\n<p>&nbsp;<\/p>\n<p><span style=\"font-family: 'Arial','sans-serif'; color: black; letter-spacing: .75pt;\">\u00c7evre ve insan sa\u011fl\u0131\u011f\u0131n\u0131 g\u00f6z \u00f6n\u00fcnde tutarak \u00fcretim yap\u0131yoruz ve b\u00f6yle yapmaktan \u00e7ok mutluyuz. <\/span><\/p>\n<p><span style=\"font-family: 'Arial','sans-serif'; color: black; letter-spacing: .75pt;\">Gelecek g\u00fcnlerde hikayemizi payla\u015fmaya devam edece\u011fiz. \u015eimdilik ho\u015fca kal\u0131n.\u00a0<\/span><\/p>\n<p><img loading=\"lazy\" decoding=\"async\" class=\"size-medium wp-image-224 alignnone\" src=\"https:\/\/www.ucmtarim.com.tr\/wp-content\/uploads\/2019\/09\/sepette-elmut-2019-225x300.jpg\" alt=\"\" width=\"225\" height=\"300\" srcset=\"https:\/\/www.ucmtarim.com.tr\/wp-content\/uploads\/2019\/09\/sepette-elmut-2019-225x300.jpg 225w, https:\/\/www.ucmtarim.com.tr\/wp-content\/uploads\/2019\/09\/sepette-elmut-2019-768x1024.jpg 768w, https:\/\/www.ucmtarim.com.tr\/wp-content\/uploads\/2019\/09\/sepette-elmut-2019-600x800.jpg 600w, https:\/\/www.ucmtarim.com.tr\/wp-content\/uploads\/2019\/09\/sepette-elmut-2019.jpg 1200w\" sizes=\"auto, (max-width: 225px) 100vw, 225px\" \/><\/p>\n<p style=\"line-height: 18.75pt; background: white; box-sizing: inherit; font-variant-ligatures: normal; font-variant-caps: normal; orphans: 2; text-align: start; widows: 2; -webkit-text-stroke-width: 0px; text-decoration-style: initial; text-decoration-color: initial; word-spacing: 0px;\"><span style=\"font-family: 'Arial','sans-serif'; color: black; letter-spacing: .75pt;\">Websayfas\u0131n\u0131 da kendimiz haz\u0131rlad\u0131\u011f\u0131m\u0131z i\u00e7in o da bizimle geli\u015fecek. G\u00f6r\u00fc\u015flerinizi bekliyoruz.<\/span><\/p>\n","protected":false},"excerpt":{"rendered":"<p>\u0130\u015fletme ve Matematik alan\u0131nda\u00a0 uzun y\u0131llar yurt i\u00e7inde ve d\u0131\u015f\u0131nda \u00e7e\u015fitli \u00fcniversitelerde akademisyen olarak \u00e7al\u0131\u015ft\u0131ktan sonra tar\u0131m alan\u0131nda \u00fcretim yapma hedefimizi ger\u00e7ekle\u015ftirmek i\u00e7in sekt\u00f6r de\u011fi\u015ftirdik [&hellip;]<\/p>\n","protected":false},"author":1,"featured_media":0,"parent":0,"menu_order":0,"comment_status":"closed","ping_status":"open","template":"","meta":{"footnotes":""},"class_list":["post-2","page","type-page","status-publish","hentry"],"translation":{"provider":"WPGlobus","version":"3.0.1","language":"tr","enabled_languages":["en","tr"],"languages":{"en":{"title":true,"content":true,"excerpt":false},"tr":{"title":true,"content":true,"excerpt":false}}},"_links":{"self":[{"href":"https:\/\/www.ucmtarim.com.tr\/tr\/wp-json\/wp\/v2\/pages\/2","targetHints":{"allow":["GET"]}}],"collection":[{"href":"https:\/\/www.ucmtarim.com.tr\/tr\/wp-json\/wp\/v2\/pages"}],"about":[{"href":"https:\/\/www.ucmtarim.com.tr\/tr\/wp-json\/wp\/v2\/types\/page"}],"author":[{"embeddable":true,"href":"https:\/\/www.ucmtarim.com.tr\/tr\/wp-json\/wp\/v2\/users\/1"}],"replies":[{"embeddable":true,"href":"https:\/\/www.ucmtarim.com.tr\/tr\/wp-json\/wp\/v2\/comments?post=2"}],"version-history":[{"count":45,"href":"https:\/\/www.ucmtarim.com.tr\/tr\/wp-json\/wp\/v2\/pages\/2\/revisions"}],"predecessor-version":[{"id":442,"href":"https:\/\/www.ucmtarim.com.tr\/tr\/wp-json\/wp\/v2\/pages\/2\/revisions\/442"}],"wp:attachment":[{"href":"https:\/\/www.ucmtarim.com.tr\/tr\/wp-json\/wp\/v2\/media?parent=2"}],"curies":[{"name":"wp","href":"https:\/\/api.w.org\/{rel}","templated":true}]}}