{"id":152,"date":"2019-08-30T19:30:36","date_gmt":"2019-08-30T19:30:36","guid":{"rendered":"https:\/\/www.ucmtarim.com.tr\/?page_id=152"},"modified":"2021-10-04T13:04:53","modified_gmt":"2021-10-04T13:04:53","slug":"location","status":"publish","type":"page","link":"https:\/\/www.ucmtarim.com.tr\/en\/location\/","title":{"rendered":"Contact Us"},"content":{"rendered":"<p><iframe loading=\"lazy\" style=\"border: 0;\" src=\"https:\/\/www.google.com\/maps\/embed?pb=!1m14!1m8!1m3!1d12545.902793683432!2d27.48981101586913!3d38.17562295128626!3m2!1i1024!2i768!4f13.1!3m3!1m2!1s0x14b941107d760c2d%3A0x5e996d59ac0e9333!2zMzjCsDEwJzI1LjIiTiAyN8KwMjknMjUuMiJF!5e0!3m2!1sen!2str!4v1567193483956!5m2!1sen!2str\" width=\"600\" height=\"450\" frameborder=\"0\" allowfullscreen=\"allowfullscreen\"><\/iframe><\/p>\n<p>UCM Tar\u0131m<\/p>\n<p><img loading=\"lazy\" decoding=\"async\" class=\"alignnone size-full wp-image-166\" src=\"https:\/\/www.ucmtarim.com.tr\/wp-content\/uploads\/2019\/08\/phone-icon-e1567195738434.png\" alt=\"\" width=\"25\" height=\"25\" \/>+90 232 5836699<\/p>\n<p><img loading=\"lazy\" decoding=\"async\" class=\"alignnone size-full wp-image-165\" src=\"https:\/\/www.ucmtarim.com.tr\/wp-content\/uploads\/2019\/08\/email-icon-e1567195528784.png\" alt=\"\" width=\"20\" height=\"20\" \/><a href=\"mailto:info@ucmtarim.com.tr\">info@ucmtarim.com.tr<\/a><\/p>\n<p>Ar\u0131kba\u015f\u0131 Mahallesi, \u00c7\u0131rp\u0131 Havuzba\u015f\u0131 Cad. No.28, 35840 Bay\u0131nd\u0131r, \u0130zmir, T\u00fcrkiye<\/p>\n","protected":false},"excerpt":{"rendered":"<p>UCM Tar\u0131m +90 232 5836699 info@ucmtarim.com.tr Ar\u0131kba\u015f\u0131 Mahallesi, \u00c7\u0131rp\u0131 Havuzba\u015f\u0131 Cad. No.28, 35840 Bay\u0131nd\u0131r, \u0130zmir, T\u00fcrkiye<\/p>\n","protected":false},"author":1,"featured_media":0,"parent":0,"menu_order":0,"comment_status":"closed","ping_status":"closed","template":"","meta":{"footnotes":""},"class_list":["post-152","page","type-page","status-publish","hentry"],"translation":{"provider":"WPGlobus","version":"3.0.1","language":"en","enabled_languages":["en","tr"],"languages":{"en":{"title":true,"content":true,"excerpt":false},"tr":{"title":true,"content":true,"excerpt":false}}},"_links":{"self":[{"href":"https:\/\/www.ucmtarim.com.tr\/en\/wp-json\/wp\/v2\/pages\/152","targetHints":{"allow":["GET"]}}],"collection":[{"href":"https:\/\/www.ucmtarim.com.tr\/en\/wp-json\/wp\/v2\/pages"}],"about":[{"href":"https:\/\/www.ucmtarim.com.tr\/en\/wp-json\/wp\/v2\/types\/page"}],"author":[{"embeddable":true,"href":"https:\/\/www.ucmtarim.com.tr\/en\/wp-json\/wp\/v2\/users\/1"}],"replies":[{"embeddable":true,"href":"https:\/\/www.ucmtarim.com.tr\/en\/wp-json\/wp\/v2\/comments?post=152"}],"version-history":[{"count":17,"href":"https:\/\/www.ucmtarim.com.tr\/en\/wp-json\/wp\/v2\/pages\/152\/revisions"}],"predecessor-version":[{"id":534,"href":"https:\/\/www.ucmtarim.com.tr\/en\/wp-json\/wp\/v2\/pages\/152\/revisions\/534"}],"wp:attachment":[{"href":"https:\/\/www.ucmtarim.com.tr\/en\/wp-json\/wp\/v2\/media?parent=152"}],"curies":[{"name":"wp","href":"https:\/\/api.w.org\/{rel}","templated":true}]}}